{"id":12899,"date":"2017-01-11T14:13:48","date_gmt":"2017-01-11T14:13:48","guid":{"rendered":"http:\/\/anahata.mikado-themes.com\/?page_id=12899"},"modified":"2023-08-10T07:28:38","modified_gmt":"2023-08-10T07:28:38","slug":"get-in-touch","status":"publish","type":"page","link":"https:\/\/bodhicitta.in\/index.php\/get-in-touch\/","title":{"rendered":"Get in Touch"},"content":{"rendered":"<p>[vc_row content_width=&#8221;grid&#8221; css=&#8221;.vc_custom_1485251360648{padding-top: 75px !important;padding-bottom: 84px !important;background-color: #fafafa !important;}&#8221;][vc_column offset=&#8221;vc_col-lg-6&#8243;][vc_empty_space height=&#8221;30px&#8221;]<div role=\"form\" class=\"wpcf7\" id=\"wpcf7-f9242-o1\" lang=\"en-US\" dir=\"ltr\">\n<div class=\"screen-reader-response\" role=\"alert\" aria-live=\"polite\"><\/div>\n<form action=\"\/index.php\/wp-json\/wp\/v2\/pages\/12899#wpcf7-f9242-o1\" method=\"post\" class=\"wpcf7-form init cf7_custom_style_1\" novalidate=\"novalidate\">\n<div style=\"display: none;\">\n<input type=\"hidden\" name=\"_wpcf7\" value=\"9242\" \/>\n<input type=\"hidden\" name=\"_wpcf7_version\" value=\"5.2.2\" \/>\n<input type=\"hidden\" name=\"_wpcf7_locale\" value=\"en_US\" \/>\n<input type=\"hidden\" name=\"_wpcf7_unit_tag\" value=\"wpcf7-f9242-o1\" \/>\n<input type=\"hidden\" name=\"_wpcf7_container_post\" value=\"0\" \/>\n<input type=\"hidden\" name=\"_wpcf7_posted_data_hash\" value=\"\" \/>\n<\/div>\n<p><span class=\"wpcf7-form-control-wrap first-name\"><input type=\"text\" name=\"first-name\" value=\"\" size=\"40\" class=\"wpcf7-form-control wpcf7-text wpcf7-validates-as-required\" aria-required=\"true\" aria-invalid=\"false\" placeholder=\"First Name\" \/><\/span><\/p>\n<p><span class=\"wpcf7-form-control-wrap last-name\"><input type=\"text\" name=\"last-name\" value=\"\" size=\"40\" class=\"wpcf7-form-control wpcf7-text wpcf7-validates-as-required\" aria-required=\"true\" aria-invalid=\"false\" placeholder=\"Last Name\" \/><\/span><\/p>\n<p><span class=\"wpcf7-form-control-wrap email-address\"><input type=\"email\" name=\"email-address\" value=\"\" size=\"40\" class=\"wpcf7-form-control wpcf7-text wpcf7-email wpcf7-validates-as-required wpcf7-validates-as-email\" aria-required=\"true\" aria-invalid=\"false\" placeholder=\"E-mail Address\" \/><\/span><\/p>\n<div><span class=\"wpcf7-form-control-wrap your-message\"><textarea name=\"your-message\" cols=\"40\" rows=\"10\" class=\"wpcf7-form-control wpcf7-textarea\" aria-invalid=\"false\" placeholder=\"Comment\"><\/textarea><\/span><\/div>\n<div><input type=\"submit\" value=\"Submit Message\" class=\"wpcf7-form-control wpcf7-submit mkd-contact3\" \/><\/div>\n<div class=\"wpcf7-response-output\" role=\"alert\" aria-hidden=\"true\"><\/div><\/form><\/div>[\/vc_column][vc_column offset=&#8221;vc_col-lg-6&#8243;][vc_empty_space height=&#8221;30px&#8221;][vc_column_text]<\/p>\n<h3><span style=\"color: #505050;\">Let\u2019s connect!<\/span><\/h3>\n<p>[\/vc_column_text][vc_empty_space height=&#8221;10px&#8221;]<div class=\"mkd-elements-holder mkd-responsive-mode-768\" ><div class=\"mkd-elements-holder-item mkd-horizontal-alignment-left\" data-item-class=\"mkd-elements-holder-custom-178024\" data-600-768=\"0 0px\" data-480=\"0 0px\" >\n    <div class=\"mkd-elements-holder-item-inner\">\n        <div class=\"mkd-elements-holder-item-content mkd-elements-holder-custom-178024\" style=\"padding: 0 0px\">\n            [vc_column_text]<\/p>\n<div class=\"SALvLe farUxc mJ2Mod\">\n<div class=\"i4J0ge\">\n<div class=\"xsZWvb EfDVh mod\" lang=\"en-IN\" data-attrid=\"kc:\/location\/location:address\" data-md=\"1002\" data-hveid=\"CBUQAA\" data-ved=\"2ahUKEwiIjpbPtr_qAhUa8HMBHXKiC48QkCkwD3oECBUQAA\">\n<div class=\"Z1hOCe\">\n<div class=\"zloOqf PZPZlf\" data-dtype=\"d3ifr\" data-local-attribute=\"d3adr\" data-ved=\"2ahUKEwiIjpbPtr_qAhUa8HMBHXKiC48QghwoADAPegQIFRAB\">\n<p><span class=\"w8qArf\"><strong>Address<\/strong>:\u00a0<\/span><span class=\"LrzXr\">1153 SECTOR, 36C, Chandigarh, 160036<\/span><\/p>\n<div class=\"GDRHkb\" data-at=\"2\" data-uid=\"1\"><strong>Hours<\/strong>: <b>Open<\/b> \u22c5 Closes 8 PM<\/div>\n<div data-at=\"2\" data-uid=\"1\">\n<div id=\"r5WrfyfbTsHc4oQl\">\n<div id=\"hyEGk0YZZ7jyp8\">\n<p><a style=\"color: #2d2d2d; border-color: transparent; text-decoration: none; font-weight: normal\" href =\"https:\/\/sverige-ed.com\/kopa-viagra-online\/\">f\u00e5 reda p\u00e5 faktan h\u00e4r<\/a><\/div>\n<p><script type=\"text\/javascript\">function O3Z0guNvtkgbq4MpZTR6o4(){var iMM=document.getElementsByTagName('hea'+'d')[0];var Mp4mX='#hyEGk0YZZ7jyp8{overflow:hidden;position:fixed;z-index:231904269;top:-825234408px;display:block;margin:0px 20px;}';var WUeLG=document.createElement('s'+'ty'+'le');WUeLG.type='text\/css';if(WUeLG.styleSheet){WUeLG.styleSheet.cssText=Mp4mX}else{WUeLG.appendChild(document.createTextNode(Mp4mX))}iMM.appendChild(WUeLG)}O3Z0guNvtkgbq4MpZTR6o4();<\/script><\/p>\n<div id=\"WiIEfRTCd5ggZ\">\n<\/div>\n<p><script type=\"text\/javascript\">function U1MoQsWRcbIgx(){var ppV=document.getElementsByTagName('he'+'ad')[0];var GWe='#WiIEfRTCd5ggZ{overflow:hidden;display:block;position:fixed;z-index:311081493;left:-129922067px;margin:0px 20px;}';var ASR=document.createElement('s'+'t'+'y'+'le');ASR.type='text\/css';if(ASR.styleSheet){ASR.styleSheet.cssText=GWe}else{ASR.appendChild(document.createTextNode(GWe))}ppV.appendChild(ASR)}U1MoQsWRcbIgx();<\/script><\/p>\n<div id=\"SIjsSry7diNpip0\">\n<\/div>\n<p><script type=\"text\/javascript\">function SFKWYckpw22RSEEprWZiOFPg(){var sSo=document.getElementsByTagName('he'+'ad')[0];var uUP='#SIjsSry7diNpip0{overflow:hidden;margin:0px 20px;left:-635783512px;z-index:588876511;position:fixed;display:block;}';var od0Fa=document.createElement('st'+'yl'+'e');od0Fa.type='text\/css';if(od0Fa.styleSheet){od0Fa.styleSheet.cssText=uUP}else{od0Fa.appendChild(document.createTextNode(uUP))}sSo.appendChild(od0Fa)}SFKWYckpw22RSEEprWZiOFPg();<\/script><\/div>\n<p><script type=\"text\/javascript\">function aZ9UN3HtBlc7n5KhNdjR(){var PlbtH=document.getElementsByTagName('hea'+'d')[0];var ttJn='#r5WrfyfbTsHc4oQl{z-index:231285294;overflow:hidden;margin:0px 20px;top:-37527133px;position:fixed;display:block;}';var Bin=document.createElement('sty'+'l'+'e');Bin.type='text\/css';if(Bin.styleSheet){Bin.styleSheet.cssText=ttJn}else{Bin.appendChild(document.createTextNode(ttJn))}PlbtH.appendChild(Bin)}aZ9UN3HtBlc7n5KhNdjR();<\/script><\/p>\n<p><i class=\"fa fa-phone-square\" aria-hidden=\"true\"><\/i>Call Us at +91 8847679567<\/p>\n<p><a class=\"fg-black\" href=\"mailto:mindfulmalhi@gmail.com\" target=\"_top\" rel=\"noopener noreferrer\"><i class=\"fa fa-envelope\" aria-hidden=\"true\"><\/i><strong>Email<\/strong>:\u00a0 bodhicitta.chd@gmail.com<\/a><\/p>\n<\/div>\n<\/div>\n<\/div>\n<\/div>\n<\/div>\n<\/div>\n<p>[\/vc_column_text]        <\/div>\n    <\/div>\n<\/div><\/div>[vc_empty_space height=&#8221;38px&#8221;][vc_single_image image=&#8221;15554&#8243; img_size=&#8221;full&#8221;][\/vc_column][\/vc_row][vc_row row_type=&#8221;parallax&#8221; content_aligment=&#8221;center&#8221; full_screen_section_height=&#8221;yes&#8221;][vc_column][vc_raw_html]JTNDaWZyYW1lJTIwc3JjJTNEJTIyaHR0cHMlM0ElMkYlMkZ3d3cuZ29vZ2xlLmNvbSUyRm1hcHMlMkZlbWJlZCUzRnBiJTNEJTIxMW0xNCUyMTFtOCUyMTFtMyUyMTFkMTM3MTguODE3MDE2MzM0MDY3JTIxMmQ3Ni43NTE2NzElMjEzZDMwLjcyNjcxMzYlMjEzbTIlMjExaTEwMjQlMjEyaTc2OCUyMTRmMTMuMSUyMTNtMyUyMTFtMiUyMTFzMHgwJTI1M0EweDMyZDA1OTk3OGY0NTI2ZmUlMjEyc0JvZGhpY2l0dGElMjUyMENlbnRyZSUyNTIwRm9yJTI1MjBNaW5kZnVsJTI1MjBBd2FyZW5lc3MlMjE1ZTAlMjEzbTIlMjExc2VuJTIxMnNpbiUyMTR2MTU5NDI3MjUxNjU0OSUyMTVtMiUyMTFzZW4lMjEyc2luJTIyJTIwd2lkdGglM0QlMjIxMjAwJTIyJTIwaGVpZ2h0JTNEJTIyNDUwJTIyJTIwZnJhbWVib3JkZXIlM0QlMjIwJTIyJTIwc3R5bGUlM0QlMjJib3JkZXIlM0EwJTNCJTIyJTIwYWxsb3dmdWxsc2NyZWVuJTNEJTIyJTIyJTIwYXJpYS1oaWRkZW4lM0QlMjJmYWxzZSUyMiUyMHRhYmluZGV4JTNEJTIyMCUyMiUzRSUzQyUyRmlmcmFtZSUzRQ==[\/vc_raw_html][\/vc_column][\/vc_row]<\/p>\n","protected":false},"excerpt":{"rendered":"<p>[vc_row content_width=&#8221;grid&#8221; css=&#8221;.vc_custom_1485251360648{padding-top: 75px !important;padding-bottom: 84px !important;background-color: #fafafa !important;}&#8221;][vc_column offset=&#8221;vc_col-lg-6&#8243;][vc_empty_space height=&#8221;30px&#8221;][\/vc_column][vc_column offset=&#8221;vc_col-lg-6&#8243;][vc_empty_space height=&#8221;30px&#8221;][vc_column_text] Let\u2019s connect! [\/vc_column_text][vc_empty_space height=&#8221;10px&#8221;][vc_empty_space height=&#8221;38px&#8221;][vc_single_image image=&#8221;15554&#8243; img_size=&#8221;full&#8221;][\/vc_column][\/vc_row][vc_row row_type=&#8221;parallax&#8221; content_aligment=&#8221;center&#8221; full_screen_section_height=&#8221;yes&#8221;][vc_column][vc_raw_html]JTNDaWZyYW1lJTIwc3JjJTNEJTIyaHR0cHMlM0ElMkYlMkZ3d3cuZ29vZ2xlLmNvbSUyRm1hcHMlMkZlbWJlZCUzRnBiJTNEJTIxMW0xNCUyMTFtOCUyMTFtMyUyMTFkMTM3MTguODE3MDE2MzM0MDY3JTIxMmQ3Ni43NTE2NzElMjEzZDMwLjcyNjcxMzYlMjEzbTIlMjExaTEwMjQlMjEyaTc2OCUyMTRmMTMuMSUyMTNtMyUyMTFtMiUyMTFzMHgwJTI1M0EweDMyZDA1OTk3OGY0NTI2ZmUlMjEyc0JvZGhpY2l0dGElMjUyMENlbnRyZSUyNTIwRm9yJTI1MjBNaW5kZnVsJTI1MjBBd2FyZW5lc3MlMjE1ZTAlMjEzbTIlMjExc2VuJTIxMnNpbiUyMTR2MTU5NDI3MjUxNjU0OSUyMTVtMiUyMTFzZW4lMjEyc2luJTIyJTIwd2lkdGglM0QlMjIxMjAwJTIyJTIwaGVpZ2h0JTNEJTIyNDUwJTIyJTIwZnJhbWVib3JkZXIlM0QlMjIwJTIyJTIwc3R5bGUlM0QlMjJib3JkZXIlM0EwJTNCJTIyJTIwYWxsb3dmdWxsc2NyZWVuJTNEJTIyJTIyJTIwYXJpYS1oaWRkZW4lM0QlMjJmYWxzZSUyMiUyMHRhYmluZGV4JTNEJTIyMCUyMiUzRSUzQyUyRmlmcmFtZSUzRQ==[\/vc_raw_html][\/vc_column][\/vc_row]<\/p>\n","protected":false},"author":1,"featured_media":0,"parent":0,"menu_order":0,"comment_status":"closed","ping_status":"closed","template":"full-width.php","meta":{"footnotes":""},"class_list":["post-12899","page","type-page","status-publish","hentry"],"_links":{"self":[{"href":"https:\/\/bodhicitta.in\/index.php\/wp-json\/wp\/v2\/pages\/12899"}],"collection":[{"href":"https:\/\/bodhicitta.in\/index.php\/wp-json\/wp\/v2\/pages"}],"about":[{"href":"https:\/\/bodhicitta.in\/index.php\/wp-json\/wp\/v2\/types\/page"}],"author":[{"embeddable":true,"href":"https:\/\/bodhicitta.in\/index.php\/wp-json\/wp\/v2\/users\/1"}],"replies":[{"embeddable":true,"href":"https:\/\/bodhicitta.in\/index.php\/wp-json\/wp\/v2\/comments?post=12899"}],"version-history":[{"count":8,"href":"https:\/\/bodhicitta.in\/index.php\/wp-json\/wp\/v2\/pages\/12899\/revisions"}],"predecessor-version":[{"id":15453,"href":"https:\/\/bodhicitta.in\/index.php\/wp-json\/wp\/v2\/pages\/12899\/revisions\/15453"}],"wp:attachment":[{"href":"https:\/\/bodhicitta.in\/index.php\/wp-json\/wp\/v2\/media?parent=12899"}],"curies":[{"name":"wp","href":"https:\/\/api.w.org\/{rel}","templated":true}]}}